{"id":12,"date":"2026-01-25T12:50:23","date_gmt":"2026-01-25T12:50:23","guid":{"rendered":"https:\/\/prevporto.al.gov.br\/?page_id=12"},"modified":"2026-01-26T07:17:25","modified_gmt":"2026-01-26T10:17:25","slug":"missao-visao-e-valor","status":"publish","type":"page","link":"https:\/\/prevporto.al.gov.br\/en\/missao-visao-e-valor\/","title":{"rendered":"Miss\u00e3o, Vis\u00e3o e Valor"},"content":{"rendered":"<div data-elementor-type=\"wp-page\" data-elementor-id=\"12\" class=\"elementor elementor-12\" data-elementor-settings=\"{&quot;ha_cmc_init_switcher&quot;:&quot;no&quot;}\" data-elementor-post-type=\"page\">\n\t\t\t\t<div class=\"elementor-element elementor-element-aa337ee e-flex e-con-boxed e-con e-parent\" data-id=\"aa337ee\" data-element_type=\"container\" data-settings=\"{&quot;_ha_eqh_enable&quot;:false}\">\n\t\t\t\t\t<div class=\"e-con-inner\">\n\t\t\t\t<div class=\"elementor-element elementor-element-21801d1 elementor-widget elementor-widget-heading\" data-id=\"21801d1\" data-element_type=\"widget\" data-widget_type=\"heading.default\">\n\t\t\t\t\t<h2 class=\"elementor-heading-title elementor-size-default\">Miss\u00e3o, Vis\u00e3o e Valor<\/h2>\t\t\t\t<\/div>\n\t\t\t\t\t<\/div>\n\t\t\t\t<\/div>\n\t\t<div class=\"elementor-element elementor-element-321da87 e-flex e-con-boxed e-con e-parent\" data-id=\"321da87\" data-element_type=\"container\" data-settings=\"{&quot;_ha_eqh_enable&quot;:false}\">\n\t\t\t\t\t<div class=\"e-con-inner\">\n\t\t\t\t<div class=\"elementor-element elementor-element-3317987 elementor-widget elementor-widget-text-editor\" data-id=\"3317987\" data-element_type=\"widget\" data-widget_type=\"text-editor.default\">\n\t\t\t\t\t\t\t\t\t<h2 data-start=\"195\" data-end=\"211\">\ud83c\udfaf <strong data-start=\"201\" data-end=\"211\">Miss\u00e3o<\/strong><\/h2><p data-start=\"212\" data-end=\"393\"><strong data-start=\"212\" data-end=\"393\">Assegurar prote\u00e7\u00e3o previdenci\u00e1ria justa e sustent\u00e1vel para os servidores municipais, promovendo bem-estar e tranquilidade financeira ao longo da vida laboral e na aposentadoria.<\/strong><\/p><hr data-start=\"395\" data-end=\"398\" \/><h2 data-start=\"400\" data-end=\"416\">\ud83d\udc41\ufe0f <strong data-start=\"407\" data-end=\"416\">Vis\u00e3o<\/strong><\/h2><p data-start=\"417\" data-end=\"602\"><strong data-start=\"417\" data-end=\"602\">Ser reconhecida como uma previd\u00eancia municipal de refer\u00eancia no estado de Alagoas, pela excel\u00eancia na gest\u00e3o, transpar\u00eancia e compromisso com o futuro dos nossos segurados at\u00e9 2035.<\/strong><\/p><hr data-start=\"604\" data-end=\"607\" \/><h2 data-start=\"609\" data-end=\"626\">\ud83d\udc8e <strong data-start=\"615\" data-end=\"626\">Valores<\/strong><\/h2><p data-start=\"627\" data-end=\"1022\">\u2714 <strong data-start=\"629\" data-end=\"646\">Transpar\u00eancia<\/strong> \u2014 comunica\u00e7\u00e3o clara e presta\u00e7\u00e3o de contas cont\u00ednua.<br data-start=\"698\" data-end=\"701\" \/>\u2714 <strong data-start=\"703\" data-end=\"723\">Sustentabilidade<\/strong> \u2014 equil\u00edbrio atuarial e financeiro para garantir benef\u00edcios presentes e futuros.<br data-start=\"804\" data-end=\"807\" \/>\u2714 <strong data-start=\"809\" data-end=\"818\">\u00c9tica<\/strong> \u2014 conduta \u00edntegra em todas as a\u00e7\u00f5es e decis\u00f5es.<br data-start=\"866\" data-end=\"869\" \/>\u2714 <strong data-start=\"871\" data-end=\"901\">Compromisso com o servidor<\/strong> \u2014 foco em atendimento humano e eficiente.<br data-start=\"943\" data-end=\"946\" \/>\u2714 <strong data-start=\"948\" data-end=\"975\">Responsabilidade social<\/strong> \u2014 respeito \u00e0 comunidade e \u00e0s gera\u00e7\u00f5es futuras.<\/p>\t\t\t\t\t\t\t\t<\/div>\n\t\t\t\t\t<\/div>\n\t\t\t\t<\/div>\n\t\t\t\t<\/div>","protected":false},"excerpt":{"rendered":"<p>Miss\u00e3o, Vis\u00e3o e Valor \ud83c\udfaf Miss\u00e3o Assegurar prote\u00e7\u00e3o previdenci\u00e1ria justa e sustent\u00e1vel para os servidores municipais, promovendo bem-estar e tranquilidade [&hellip;]<\/p>","protected":false},"author":1,"featured_media":0,"parent":0,"menu_order":0,"comment_status":"closed","ping_status":"closed","template":"","meta":{"pagelayer_contact_templates":[],"_pagelayer_content":"","site-sidebar-layout":"no-sidebar","site-content-layout":"","ast-site-content-layout":"full-width-container","site-content-style":"default","site-sidebar-style":"default","ast-global-header-display":"","ast-banner-title-visibility":"","ast-main-header-display":"","ast-hfb-above-header-display":"","ast-hfb-below-header-display":"","ast-hfb-mobile-header-display":"","site-post-title":"disabled","ast-breadcrumbs-content":"","ast-featured-img":"disabled","footer-sml-layout":"","ast-disable-related-posts":"","theme-transparent-header-meta":"","adv-header-id-meta":"","stick-header-meta":"","header-above-stick-meta":"","header-main-stick-meta":"","header-below-stick-meta":"","astra-migrate-meta-layouts":"default","ast-page-background-enabled":"default","ast-page-background-meta":{"desktop":{"background-color":"var(--ast-global-color-5)","background-image":"","background-repeat":"repeat","background-position":"center center","background-size":"auto","background-attachment":"scroll","background-type":"","background-media":"","overlay-type":"","overlay-color":"","overlay-opacity":"","overlay-gradient":""},"tablet":{"background-color":"","background-image":"","background-repeat":"repeat","background-position":"center center","background-size":"auto","background-attachment":"scroll","background-type":"","background-media":"","overlay-type":"","overlay-color":"","overlay-opacity":"","overlay-gradient":""},"mobile":{"background-color":"","background-image":"","background-repeat":"repeat","background-position":"center center","background-size":"auto","background-attachment":"scroll","background-type":"","background-media":"","overlay-type":"","overlay-color":"","overlay-opacity":"","overlay-gradient":""}},"ast-content-background-meta":{"desktop":{"background-color":"var(--ast-global-color-4)","background-image":"","background-repeat":"repeat","background-position":"center center","background-size":"auto","background-attachment":"scroll","background-type":"","background-media":"","overlay-type":"","overlay-color":"","overlay-opacity":"","overlay-gradient":""},"tablet":{"background-color":"var(--ast-global-color-4)","background-image":"","background-repeat":"repeat","background-position":"center center","background-size":"auto","background-attachment":"scroll","background-type":"","background-media":"","overlay-type":"","overlay-color":"","overlay-opacity":"","overlay-gradient":""},"mobile":{"background-color":"var(--ast-global-color-4)","background-image":"","background-repeat":"repeat","background-position":"center center","background-size":"auto","background-attachment":"scroll","background-type":"","background-media":"","overlay-type":"","overlay-color":"","overlay-opacity":"","overlay-gradient":""}},"footnotes":""},"class_list":["post-12","page","type-page","status-publish","hentry"],"_links":{"self":[{"href":"https:\/\/prevporto.al.gov.br\/en\/wp-json\/wp\/v2\/pages\/12","targetHints":{"allow":["GET"]}}],"collection":[{"href":"https:\/\/prevporto.al.gov.br\/en\/wp-json\/wp\/v2\/pages"}],"about":[{"href":"https:\/\/prevporto.al.gov.br\/en\/wp-json\/wp\/v2\/types\/page"}],"author":[{"embeddable":true,"href":"https:\/\/prevporto.al.gov.br\/en\/wp-json\/wp\/v2\/users\/1"}],"replies":[{"embeddable":true,"href":"https:\/\/prevporto.al.gov.br\/en\/wp-json\/wp\/v2\/comments?post=12"}],"version-history":[{"count":7,"href":"https:\/\/prevporto.al.gov.br\/en\/wp-json\/wp\/v2\/pages\/12\/revisions"}],"predecessor-version":[{"id":192,"href":"https:\/\/prevporto.al.gov.br\/en\/wp-json\/wp\/v2\/pages\/12\/revisions\/192"}],"wp:attachment":[{"href":"https:\/\/prevporto.al.gov.br\/en\/wp-json\/wp\/v2\/media?parent=12"}],"curies":[{"name":"wp","href":"https:\/\/api.w.org\/{rel}","templated":true}]}}