{"id":13,"date":"2026-01-25T12:50:23","date_gmt":"2026-01-25T12:50:23","guid":{"rendered":"https:\/\/prevporto.al.gov.br\/?page_id=13"},"modified":"2026-01-26T07:37:25","modified_gmt":"2026-01-26T10:37:25","slug":"organograma","status":"publish","type":"page","link":"https:\/\/prevporto.al.gov.br\/en\/organograma\/","title":{"rendered":"Organograma"},"content":{"rendered":"<div data-elementor-type=\"wp-page\" data-elementor-id=\"13\" class=\"elementor elementor-13\" data-elementor-settings=\"{&quot;ha_cmc_init_switcher&quot;:&quot;no&quot;}\" data-elementor-post-type=\"page\">\n\t\t\t\t<div class=\"elementor-element elementor-element-3e590e6 e-flex e-con-boxed e-con e-parent\" data-id=\"3e590e6\" data-element_type=\"container\" data-settings=\"{&quot;_ha_eqh_enable&quot;:false}\">\n\t\t\t\t\t<div class=\"e-con-inner\">\n\t\t\t\t<div class=\"elementor-element elementor-element-f09de18 elementor-widget elementor-widget-heading\" data-id=\"f09de18\" data-element_type=\"widget\" data-widget_type=\"heading.default\">\n\t\t\t\t\t<h2 class=\"elementor-heading-title elementor-size-default\">Organograma<\/h2>\t\t\t\t<\/div>\n\t\t\t\t\t<\/div>\n\t\t\t\t<\/div>\n\t\t<div class=\"elementor-element elementor-element-c4fe38c e-flex e-con-boxed e-con e-parent\" data-id=\"c4fe38c\" data-element_type=\"container\" data-settings=\"{&quot;_ha_eqh_enable&quot;:false}\">\n\t\t\t\t\t<div class=\"e-con-inner\">\n\t\t\t\t<div class=\"elementor-element elementor-element-00ba553 elementor-widget elementor-widget-text-editor\" data-id=\"00ba553\" data-element_type=\"widget\" data-widget_type=\"text-editor.default\">\n\t\t\t\t\t\t\t\t\t<ul><li data-start=\"2154\" data-end=\"2303\"><p data-start=\"2157\" data-end=\"2179\"><strong data-start=\"2157\" data-end=\"2179\">Diretor-Presidente<\/strong><\/p><ul data-start=\"2183\" data-end=\"2303\"><li data-start=\"2183\" data-end=\"2303\"><p data-start=\"2185\" data-end=\"2303\">Respons\u00e1vel legal e executivo pelo cumprimento das fun\u00e7\u00f5es previdenci\u00e1rias (benef\u00edcios, aposentadorias, pens\u00f5es, etc.)<\/p><\/li><\/ul><\/li><li data-start=\"2305\" data-end=\"2608\"><p data-start=\"2308\" data-end=\"2347\"><strong data-start=\"2308\" data-end=\"2347\">Diretor Financeiro \/ Administrativo<\/strong><\/p><ul data-start=\"2351\" data-end=\"2608\"><li data-start=\"2351\" data-end=\"2395\"><p data-start=\"2353\" data-end=\"2395\">Planejamento e contabiliza\u00e7\u00e3o dos recursos<\/p><\/li><li data-start=\"2399\" data-end=\"2608\"><p data-start=\"2401\" data-end=\"2608\">Gest\u00e3o or\u00e7ament\u00e1ria e financeira<\/p><\/li><\/ul><\/li><li data-start=\"2610\" data-end=\"2799\"><p data-start=\"2613\" data-end=\"2673\"><strong data-start=\"2613\" data-end=\"2673\">Conselho de Administra\u00e7\u00e3o (se previsto na lei municipal)<\/strong><\/p><ul data-start=\"2677\" data-end=\"2799\"><li data-start=\"2677\" data-end=\"2799\"><p data-start=\"2679\" data-end=\"2799\">\u00d3rg\u00e3o superior de delibera\u00e7\u00e3o estrat\u00e9gica (normalmente composto por representantes do Executivo, servidores e sociedade)<\/p><\/li><\/ul><\/li><li data-start=\"2801\" data-end=\"2902\"><p data-start=\"2804\" data-end=\"2823\"><strong data-start=\"2804\" data-end=\"2823\">Conselho Fiscal<\/strong><\/p><ul data-start=\"2827\" data-end=\"2902\"><li data-start=\"2827\" data-end=\"2902\"><p data-start=\"2829\" data-end=\"2902\">Fiscaliza\u00e7\u00e3o cont\u00e1bil, financeira e atuarial dos recursos previdenci\u00e1rios<\/p><\/li><\/ul><\/li><li data-start=\"2904\" data-end=\"3168\"><p data-start=\"2907\" data-end=\"2941\"><strong data-start=\"2907\" data-end=\"2941\">Setores\/Departamentos de Apoio<\/strong><\/p><ul data-start=\"2945\" data-end=\"3168\"><li data-start=\"2945\" data-end=\"2999\"><p data-start=\"2947\" data-end=\"2999\"><strong data-start=\"2947\" data-end=\"2999\">Recursos Humanos \/ Cadastro de Servidores Ativos<\/strong><\/p><\/li><li data-start=\"3003\" data-end=\"3036\"><p data-start=\"3005\" data-end=\"3036\"><strong data-start=\"3005\" data-end=\"3036\">Benef\u00edcios e Aposentadorias<\/strong><\/p><\/li><li data-start=\"3040\" data-end=\"3058\"><p data-start=\"3042\" data-end=\"3058\"><strong data-start=\"3042\" data-end=\"3058\">Pensionistas<\/strong><\/p><\/li><li data-start=\"3062\" data-end=\"3092\"><p data-start=\"3064\" data-end=\"3092\"><strong data-start=\"3064\" data-end=\"3092\">Contabilidade e Finan\u00e7as<\/strong><\/p><\/li><li data-start=\"3096\" data-end=\"3135\"><p data-start=\"3098\" data-end=\"3135\"><strong data-start=\"3098\" data-end=\"3135\">Atuarial \/ Atu\u00e1ria Previdenci\u00e1ria<\/strong><\/p><\/li><li data-start=\"3139\" data-end=\"3168\"><p data-start=\"3141\" data-end=\"3168\"><strong data-start=\"3141\" data-end=\"3168\">Atendimento ao Segurado<\/strong><\/p><\/li><\/ul><\/li><\/ul>\t\t\t\t\t\t\t\t<\/div>\n\t\t\t\t\t<\/div>\n\t\t\t\t<\/div>\n\t\t\t\t<\/div>","protected":false},"excerpt":{"rendered":"<p>Organograma Diretor-Presidente Respons\u00e1vel legal e executivo pelo cumprimento das fun\u00e7\u00f5es previdenci\u00e1rias (benef\u00edcios, aposentadorias, pens\u00f5es, etc.) Diretor Financeiro \/ Administrativo Planejamento [&hellip;]<\/p>","protected":false},"author":1,"featured_media":0,"parent":0,"menu_order":0,"comment_status":"closed","ping_status":"closed","template":"","meta":{"pagelayer_contact_templates":[],"_pagelayer_content":"","site-sidebar-layout":"no-sidebar","site-content-layout":"","ast-site-content-layout":"full-width-container","site-content-style":"default","site-sidebar-style":"default","ast-global-header-display":"","ast-banner-title-visibility":"","ast-main-header-display":"","ast-hfb-above-header-display":"","ast-hfb-below-header-display":"","ast-hfb-mobile-header-display":"","site-post-title":"disabled","ast-breadcrumbs-content":"","ast-featured-img":"disabled","footer-sml-layout":"","ast-disable-related-posts":"","theme-transparent-header-meta":"","adv-header-id-meta":"","stick-header-meta":"","header-above-stick-meta":"","header-main-stick-meta":"","header-below-stick-meta":"","astra-migrate-meta-layouts":"default","ast-page-background-enabled":"default","ast-page-background-meta":{"desktop":{"background-color":"var(--ast-global-color-5)","background-image":"","background-repeat":"repeat","background-position":"center center","background-size":"auto","background-attachment":"scroll","background-type":"","background-media":"","overlay-type":"","overlay-color":"","overlay-opacity":"","overlay-gradient":""},"tablet":{"background-color":"","background-image":"","background-repeat":"repeat","background-position":"center center","background-size":"auto","background-attachment":"scroll","background-type":"","background-media":"","overlay-type":"","overlay-color":"","overlay-opacity":"","overlay-gradient":""},"mobile":{"background-color":"","background-image":"","background-repeat":"repeat","background-position":"center center","background-size":"auto","background-attachment":"scroll","background-type":"","background-media":"","overlay-type":"","overlay-color":"","overlay-opacity":"","overlay-gradient":""}},"ast-content-background-meta":{"desktop":{"background-color":"var(--ast-global-color-4)","background-image":"","background-repeat":"repeat","background-position":"center center","background-size":"auto","background-attachment":"scroll","background-type":"","background-media":"","overlay-type":"","overlay-color":"","overlay-opacity":"","overlay-gradient":""},"tablet":{"background-color":"var(--ast-global-color-4)","background-image":"","background-repeat":"repeat","background-position":"center center","background-size":"auto","background-attachment":"scroll","background-type":"","background-media":"","overlay-type":"","overlay-color":"","overlay-opacity":"","overlay-gradient":""},"mobile":{"background-color":"var(--ast-global-color-4)","background-image":"","background-repeat":"repeat","background-position":"center center","background-size":"auto","background-attachment":"scroll","background-type":"","background-media":"","overlay-type":"","overlay-color":"","overlay-opacity":"","overlay-gradient":""}},"footnotes":""},"class_list":["post-13","page","type-page","status-publish","hentry"],"_links":{"self":[{"href":"https:\/\/prevporto.al.gov.br\/en\/wp-json\/wp\/v2\/pages\/13","targetHints":{"allow":["GET"]}}],"collection":[{"href":"https:\/\/prevporto.al.gov.br\/en\/wp-json\/wp\/v2\/pages"}],"about":[{"href":"https:\/\/prevporto.al.gov.br\/en\/wp-json\/wp\/v2\/types\/page"}],"author":[{"embeddable":true,"href":"https:\/\/prevporto.al.gov.br\/en\/wp-json\/wp\/v2\/users\/1"}],"replies":[{"embeddable":true,"href":"https:\/\/prevporto.al.gov.br\/en\/wp-json\/wp\/v2\/comments?post=13"}],"version-history":[{"count":8,"href":"https:\/\/prevporto.al.gov.br\/en\/wp-json\/wp\/v2\/pages\/13\/revisions"}],"predecessor-version":[{"id":261,"href":"https:\/\/prevporto.al.gov.br\/en\/wp-json\/wp\/v2\/pages\/13\/revisions\/261"}],"wp:attachment":[{"href":"https:\/\/prevporto.al.gov.br\/en\/wp-json\/wp\/v2\/media?parent=13"}],"curies":[{"name":"wp","href":"https:\/\/api.w.org\/{rel}","templated":true}]}}